{"id":3575127,"date":"2026-01-16T10:15:05","date_gmt":"2026-01-16T08:15:05","guid":{"rendered":"https:\/\/uusi.helsingintanssiopisto.fi\/dance-institute\/historiikki-ja-perustajat\/"},"modified":"2026-02-12T12:29:46","modified_gmt":"2026-02-12T10:29:46","slug":"about-helsingin-tanssiopisto","status":"publish","type":"page","link":"https:\/\/uusi.helsingintanssiopisto.fi\/en\/dance-institute\/about-helsingin-tanssiopisto\/","title":{"rendered":"About Helsinki Dance Institute"},"content":{"rendered":"<h1 class=\"page-header\">About Helsinki Dance Institute<\/h1>\n<p>Helsingin tanssiopisto (Helsinki Dance Institute) upheld by the supporters\u2019 association is the most extensive and diversified dance institute in Finland. Since 1992 the Institute has offered basic education in the arts, which is supported by the city of Helsinki. The education presently includes both unprofessional studies as well as vocational education based on the student\u2019s choice. In addition to Institute\u2019s 17 own dance halls, basic education is given in about 30 suburban venues around Helsinki, Kauniainen and Vantaa.<\/p>\n<p>Helsingin tanssiopisto was founded in 1969 by Leila Sillantaka, the present principal of tanssiopisto, and G\u00f6ran L\u00f6fstr\u00f6m, both from the School of Modern Dance established by Riitta Vainio who first brought modern dance to Finland in the 1960\u2019s. In the early years, the education focused on contemporary dance but now the program includes more than 30 different types of dance for children, the youth and adults. With more than 70 teachers, both Finnish and foreign, it has been an important employer in the metropolitan area and a trailblazer in many things. The Institute takes actively part in national and international happenings and the many prizes that both the Institute\u2019s educational work and its students have received are heartwarming reminders of that. Many of the institute\u2019s long-term students have ended up as dance professionals either at home or abroad.<\/p>\n","protected":false},"excerpt":{"rendered":"<p>About Helsinki Dance Institute Helsingin tanssiopisto (Helsinki Dance Institute) upheld by the supporters\u2019 association is the most extensive and diversified dance institute in Finland. Since&#8230;<\/p>\n","protected":false},"author":1,"featured_media":0,"parent":3574412,"menu_order":0,"comment_status":"closed","ping_status":"closed","template":"page-templates\/sidebar.php","meta":{"footnotes":""},"class_list":["post-3575127","page","type-page","status-publish","hentry"],"yoast_head":"<!-- This site is optimized with the Yoast SEO plugin v27.4 - https:\/\/yoast.com\/product\/yoast-seo-wordpress\/ -->\n<title>About Helsinki Dance Institute - Helsingin tanssiopisto<\/title>\n<meta name=\"robots\" content=\"index, follow, max-snippet:-1, max-image-preview:large, max-video-preview:-1\" \/>\n<link rel=\"canonical\" href=\"https:\/\/uusi.helsingintanssiopisto.fi\/en\/dance-institute\/about-helsingin-tanssiopisto\/\" \/>\n<meta property=\"og:locale\" content=\"en_US\" \/>\n<meta property=\"og:type\" content=\"article\" \/>\n<meta property=\"og:title\" content=\"About Helsinki Dance Institute - Helsingin tanssiopisto\" \/>\n<meta property=\"og:description\" content=\"About Helsinki Dance Institute Helsingin tanssiopisto (Helsinki Dance Institute) upheld by the supporters\u2019 association is the most extensive and diversified dance institute in Finland. Since...\" \/>\n<meta property=\"og:url\" content=\"https:\/\/uusi.helsingintanssiopisto.fi\/en\/dance-institute\/about-helsingin-tanssiopisto\/\" \/>\n<meta property=\"og:site_name\" content=\"Helsingin tanssiopisto\" \/>\n<meta property=\"article:publisher\" content=\"https:\/\/fi-fi.facebook.com\/helsingintanssiopisto\" \/>\n<meta property=\"article:modified_time\" content=\"2026-02-12T10:29:46+00:00\" \/>\n<meta name=\"twitter:card\" content=\"summary_large_image\" \/>\n<meta name=\"twitter:label1\" content=\"Est. reading time\" \/>\n\t<meta name=\"twitter:data1\" content=\"2 minutes\" \/>\n<script type=\"application\/ld+json\" class=\"yoast-schema-graph\">{\"@context\":\"https:\\\/\\\/schema.org\",\"@graph\":[{\"@type\":\"WebPage\",\"@id\":\"https:\\\/\\\/uusi.helsingintanssiopisto.fi\\\/en\\\/dance-institute\\\/about-helsingin-tanssiopisto\\\/\",\"url\":\"https:\\\/\\\/uusi.helsingintanssiopisto.fi\\\/en\\\/dance-institute\\\/about-helsingin-tanssiopisto\\\/\",\"name\":\"About Helsinki Dance Institute - Helsingin tanssiopisto\",\"isPartOf\":{\"@id\":\"https:\\\/\\\/uusi.helsingintanssiopisto.fi\\\/en\\\/#website\"},\"datePublished\":\"2026-01-16T08:15:05+00:00\",\"dateModified\":\"2026-02-12T10:29:46+00:00\",\"breadcrumb\":{\"@id\":\"https:\\\/\\\/uusi.helsingintanssiopisto.fi\\\/en\\\/dance-institute\\\/about-helsingin-tanssiopisto\\\/#breadcrumb\"},\"inLanguage\":\"en-US\",\"potentialAction\":[{\"@type\":\"ReadAction\",\"target\":[\"https:\\\/\\\/uusi.helsingintanssiopisto.fi\\\/en\\\/dance-institute\\\/about-helsingin-tanssiopisto\\\/\"]}]},{\"@type\":\"BreadcrumbList\",\"@id\":\"https:\\\/\\\/uusi.helsingintanssiopisto.fi\\\/en\\\/dance-institute\\\/about-helsingin-tanssiopisto\\\/#breadcrumb\",\"itemListElement\":[{\"@type\":\"ListItem\",\"position\":1,\"name\":\"Home\",\"item\":\"https:\\\/\\\/uusi.helsingintanssiopisto.fi\\\/en\\\/\"},{\"@type\":\"ListItem\",\"position\":2,\"name\":\"Dance Institute\",\"item\":\"https:\\\/\\\/uusi.helsingintanssiopisto.fi\\\/en\\\/dance-institute\\\/\"},{\"@type\":\"ListItem\",\"position\":3,\"name\":\"About Helsinki Dance Institute\"}]},{\"@type\":\"WebSite\",\"@id\":\"https:\\\/\\\/uusi.helsingintanssiopisto.fi\\\/en\\\/#website\",\"url\":\"https:\\\/\\\/uusi.helsingintanssiopisto.fi\\\/en\\\/\",\"name\":\"Helsingin tanssiopisto\",\"description\":\"Suomen laajin ja monipuolisin tanssikoulu\",\"publisher\":{\"@id\":\"https:\\\/\\\/uusi.helsingintanssiopisto.fi\\\/en\\\/#organization\"},\"potentialAction\":[{\"@type\":\"SearchAction\",\"target\":{\"@type\":\"EntryPoint\",\"urlTemplate\":\"https:\\\/\\\/uusi.helsingintanssiopisto.fi\\\/en\\\/?s={search_term_string}\"},\"query-input\":{\"@type\":\"PropertyValueSpecification\",\"valueRequired\":true,\"valueName\":\"search_term_string\"}}],\"inLanguage\":\"en-US\"},{\"@type\":\"Organization\",\"@id\":\"https:\\\/\\\/uusi.helsingintanssiopisto.fi\\\/en\\\/#organization\",\"name\":\"Helsingin tanssopisto\",\"url\":\"https:\\\/\\\/uusi.helsingintanssiopisto.fi\\\/en\\\/\",\"logo\":{\"@type\":\"ImageObject\",\"inLanguage\":\"en-US\",\"@id\":\"https:\\\/\\\/uusi.helsingintanssiopisto.fi\\\/en\\\/#\\\/schema\\\/logo\\\/image\\\/\",\"url\":\"https:\\\/\\\/uusi.helsingintanssiopisto.fi\\\/wpc\\\/uploads\\\/2026\\\/01\\\/logo-hto@2x.png\",\"contentUrl\":\"https:\\\/\\\/uusi.helsingintanssiopisto.fi\\\/wpc\\\/uploads\\\/2026\\\/01\\\/logo-hto@2x.png\",\"width\":400,\"height\":386,\"caption\":\"Helsingin tanssopisto\"},\"image\":{\"@id\":\"https:\\\/\\\/uusi.helsingintanssiopisto.fi\\\/en\\\/#\\\/schema\\\/logo\\\/image\\\/\"},\"sameAs\":[\"https:\\\/\\\/fi-fi.facebook.com\\\/helsingintanssiopisto\",\"https:\\\/\\\/www.instagram.com\\\/helsingintanssiopisto\\\/\"]}]}<\/script>\n<!-- \/ Yoast SEO plugin. -->","yoast_head_json":{"title":"About Helsinki Dance Institute - Helsingin tanssiopisto","robots":{"index":"index","follow":"follow","max-snippet":"max-snippet:-1","max-image-preview":"max-image-preview:large","max-video-preview":"max-video-preview:-1"},"canonical":"https:\/\/uusi.helsingintanssiopisto.fi\/en\/dance-institute\/about-helsingin-tanssiopisto\/","og_locale":"en_US","og_type":"article","og_title":"About Helsinki Dance Institute - Helsingin tanssiopisto","og_description":"About Helsinki Dance Institute Helsingin tanssiopisto (Helsinki Dance Institute) upheld by the supporters\u2019 association is the most extensive and diversified dance institute in Finland. Since...","og_url":"https:\/\/uusi.helsingintanssiopisto.fi\/en\/dance-institute\/about-helsingin-tanssiopisto\/","og_site_name":"Helsingin tanssiopisto","article_publisher":"https:\/\/fi-fi.facebook.com\/helsingintanssiopisto","article_modified_time":"2026-02-12T10:29:46+00:00","twitter_card":"summary_large_image","twitter_misc":{"Est. reading time":"2 minutes"},"schema":{"@context":"https:\/\/schema.org","@graph":[{"@type":"WebPage","@id":"https:\/\/uusi.helsingintanssiopisto.fi\/en\/dance-institute\/about-helsingin-tanssiopisto\/","url":"https:\/\/uusi.helsingintanssiopisto.fi\/en\/dance-institute\/about-helsingin-tanssiopisto\/","name":"About Helsinki Dance Institute - Helsingin tanssiopisto","isPartOf":{"@id":"https:\/\/uusi.helsingintanssiopisto.fi\/en\/#website"},"datePublished":"2026-01-16T08:15:05+00:00","dateModified":"2026-02-12T10:29:46+00:00","breadcrumb":{"@id":"https:\/\/uusi.helsingintanssiopisto.fi\/en\/dance-institute\/about-helsingin-tanssiopisto\/#breadcrumb"},"inLanguage":"en-US","potentialAction":[{"@type":"ReadAction","target":["https:\/\/uusi.helsingintanssiopisto.fi\/en\/dance-institute\/about-helsingin-tanssiopisto\/"]}]},{"@type":"BreadcrumbList","@id":"https:\/\/uusi.helsingintanssiopisto.fi\/en\/dance-institute\/about-helsingin-tanssiopisto\/#breadcrumb","itemListElement":[{"@type":"ListItem","position":1,"name":"Home","item":"https:\/\/uusi.helsingintanssiopisto.fi\/en\/"},{"@type":"ListItem","position":2,"name":"Dance Institute","item":"https:\/\/uusi.helsingintanssiopisto.fi\/en\/dance-institute\/"},{"@type":"ListItem","position":3,"name":"About Helsinki Dance Institute"}]},{"@type":"WebSite","@id":"https:\/\/uusi.helsingintanssiopisto.fi\/en\/#website","url":"https:\/\/uusi.helsingintanssiopisto.fi\/en\/","name":"Helsingin tanssiopisto","description":"Suomen laajin ja monipuolisin tanssikoulu","publisher":{"@id":"https:\/\/uusi.helsingintanssiopisto.fi\/en\/#organization"},"potentialAction":[{"@type":"SearchAction","target":{"@type":"EntryPoint","urlTemplate":"https:\/\/uusi.helsingintanssiopisto.fi\/en\/?s={search_term_string}"},"query-input":{"@type":"PropertyValueSpecification","valueRequired":true,"valueName":"search_term_string"}}],"inLanguage":"en-US"},{"@type":"Organization","@id":"https:\/\/uusi.helsingintanssiopisto.fi\/en\/#organization","name":"Helsingin tanssopisto","url":"https:\/\/uusi.helsingintanssiopisto.fi\/en\/","logo":{"@type":"ImageObject","inLanguage":"en-US","@id":"https:\/\/uusi.helsingintanssiopisto.fi\/en\/#\/schema\/logo\/image\/","url":"https:\/\/uusi.helsingintanssiopisto.fi\/wpc\/uploads\/2026\/01\/logo-hto@2x.png","contentUrl":"https:\/\/uusi.helsingintanssiopisto.fi\/wpc\/uploads\/2026\/01\/logo-hto@2x.png","width":400,"height":386,"caption":"Helsingin tanssopisto"},"image":{"@id":"https:\/\/uusi.helsingintanssiopisto.fi\/en\/#\/schema\/logo\/image\/"},"sameAs":["https:\/\/fi-fi.facebook.com\/helsingintanssiopisto","https:\/\/www.instagram.com\/helsingintanssiopisto\/"]}]}},"_links":{"self":[{"href":"https:\/\/uusi.helsingintanssiopisto.fi\/en\/wp-json\/wp\/v2\/pages\/3575127","targetHints":{"allow":["GET"]}}],"collection":[{"href":"https:\/\/uusi.helsingintanssiopisto.fi\/en\/wp-json\/wp\/v2\/pages"}],"about":[{"href":"https:\/\/uusi.helsingintanssiopisto.fi\/en\/wp-json\/wp\/v2\/types\/page"}],"author":[{"embeddable":true,"href":"https:\/\/uusi.helsingintanssiopisto.fi\/en\/wp-json\/wp\/v2\/users\/1"}],"replies":[{"embeddable":true,"href":"https:\/\/uusi.helsingintanssiopisto.fi\/en\/wp-json\/wp\/v2\/comments?post=3575127"}],"version-history":[{"count":0,"href":"https:\/\/uusi.helsingintanssiopisto.fi\/en\/wp-json\/wp\/v2\/pages\/3575127\/revisions"}],"up":[{"embeddable":true,"href":"https:\/\/uusi.helsingintanssiopisto.fi\/en\/wp-json\/wp\/v2\/pages\/3574412"}],"wp:attachment":[{"href":"https:\/\/uusi.helsingintanssiopisto.fi\/en\/wp-json\/wp\/v2\/media?parent=3575127"}],"curies":[{"name":"wp","href":"https:\/\/api.w.org\/{rel}","templated":true}]}}