{"id":3575147,"date":"2026-01-21T10:02:59","date_gmt":"2026-01-21T08:02:59","guid":{"rendered":"https:\/\/uusi.helsingintanssiopisto.fi\/teaching\/toimipisteet-ja-pukuhuoneinfo\/helsinki\/"},"modified":"2026-02-12T13:26:39","modified_gmt":"2026-02-12T11:26:39","slug":"helsinki","status":"publish","type":"page","link":"https:\/\/uusi.helsingintanssiopisto.fi\/en\/teaching\/studio-venues-and-dressing-rooms\/helsinki\/","title":{"rendered":"Helsinki"},"content":{"rendered":"<h1 class=\"page-header\">Helsinki<\/h1>\n<p>Please see exceptions in dance lesson locations on the Finnish page         <a href=\"https:\/\/uusi.helsingintanssiopisto.fi\/\">here<\/a>\n        .<\/p>\n<h2>ANNA<\/h2>\n<p>Annantalo Dance studio, Annankatu 30.<\/p>\n<h2>AUR 1<\/h2>\n<p>Day Care\/School Kanava, Aurinkotuulenkatu 11, Aurinkolahti. Entrance from side door.<\/p>\n<h2>AUR 2<\/h2>\n<p>Kerhotalo Saseka, Kalkkihiekankuja 6.<\/p>\n<h2>HERT<\/h2>\n<p>Hertsikka Primary School, Hillerikuja 4.<\/p>\n<h2>HUO 1<\/h2>\n<p>Terassitalon kerhohuoneisto, Punam\u00e4enpolku 1, Pikku-Huopalahti, (patio\/street level).<\/p>\n<h2>HUO 2<\/h2>\n<p>Pikku-Huopalahden kerhohuoneisto, Hilda Flodinin kuja 2.<\/p>\n<h2>IB<\/h2>\n<p>Alexander Theatre, Iso balettisali, Bulevardi 27.<\/p>\n<h2>KAMP 1-3<\/h2>\n<p>Kamppi\u2019s studios, Salomonkatu 17 \/ Fredrikinkatu 46 (Autotalo), 2nd floor.<br \/>\nEntry with the <strong>door code<\/strong> from Fredrikinkatu street. Use the door on the right from A-main doors. <strong>Ask for door code at the Student Office!<\/strong><br \/>\nYou can find info about the dressing rooms <a href=\"https:\/\/uusi.helsingintanssiopisto.fi\/en\/teaching\/studio-venues-and-dressing-rooms\/dressing-rooms\/\">here<\/a>.<\/p>\n<h2>KAN<\/h2>\n<p>Kannelm\u00e4ki Youth Club, Kanneltalo, Klaneettitie 5.<\/p>\n<h2>KAS 1-5<\/h2>\n<p>Kasarmitori, Kasarmikatu 19 (on the square side).<\/p>\n<p>You can find info about the dressing rooms <a href=\"https:\/\/uusi.helsingintanssiopisto.fi\/en\/teaching\/studio-venues-and-dressing-rooms\/dressing-rooms\/\">here<\/a>.<\/p>\n<h2>KRUU<\/h2>\n<p>Daycare Borgstr\u00f6minm\u00e4ki, F\u00f6gl\u00f6nkuja 1<\/p>\n<h2>K\u00c4P<\/h2>\n<p>K\u00e4pyl\u00e4nkuja 1 (Karjalatalo). Entrance from V\u00e4in\u00f6l\u00e4nkuja. Ask for door code at the Student Office!<\/p>\n<h2>LAU<\/h2>\n<p>Alexander Theatre, Laulusali, Bulevardi 27.<\/p>\n<h2>LEI 1-4<\/h2>\n<p>Leip\u00e4tehdas, Kaikukatu 4 A, outbuilding: 5th floor. The courtyard can also be entered from the Lintulahdenkuja street. <strong>The door code has changed. Ask for door code at the Student Office<\/strong><strong><br \/>\n<\/strong>You can find info about the dressing rooms <a href=\"https:\/\/uusi.helsingintanssiopisto.fi\/en\/teaching\/studio-venues-and-dressing-rooms\/dressing-rooms\/\">here<\/a>.<\/p>\n<h2>LEI 5-8<\/h2>\n<p>Leip\u00e4tehdas,\u00a0 Kaikukatu 4 A, outbuilding: 6th floor. Entrance from A stair (entry from B stair only before 17.00. o\u2019clock). Elevator at both entrances.\u00a0<strong>The door code has changed.<\/strong>\u00a0<strong>Ask for door code at the Student Office!<\/strong>\u00a0You can find info about the dressing rooms\u00a0<a href=\"https:\/\/uusi.helsingintanssiopisto.fi\/en\/teaching\/studio-venues-and-dressing-rooms\/dressing-rooms\/\">here<\/a>.<\/p>\n<h2>LEI 9<strong><br \/>\n<\/strong><\/h2>\n<p>Leip\u00e4tehdas,\u00a0 Kaikukatu 4 A, outbuilding: 2nd floor.\u00a0\u00a0<strong>Ask for door code at the Student Office!\u00a0<\/strong>You can find info about the dressing rooms\u00a0<a href=\"https:\/\/uusi.helsingintanssiopisto.fi\/en\/teaching\/studio-venues-and-dressing-rooms\/dressing-rooms\/\">here<\/a>.<\/p>\n<h2>LEI 10<\/h2>\n<p>Leip\u00e4tehdas,\u00a0 Kaikukatu 4 A, outbuilding: 4th floor.\u00a0<strong>Ask for door code at the Student Office!\u00a0<\/strong>You can find info about the dressing rooms\u00a0<a href=\"https:\/\/uusi.helsingintanssiopisto.fi\/en\/teaching\/studio-venues-and-dressing-rooms\/dressing-rooms\/\">here<\/a>.<\/p>\n<h2>LUMO<strong><br \/>\n<\/strong><\/h2>\n<p>See <a href=\"https:\/\/uusi.helsingintanssiopisto.fi\/en\/teaching\/studio-venues-and-dressing-rooms\/vantaa\/\">Vantaa<\/a><\/p>\n<h2>MAAL<\/h2>\n<p>Alexander Theatre, Maalaamo, Bulevardi 27.<\/p>\n<h2>MAL<\/h2>\n<p>Malmitalo Cultural Centre, dance hall, Ala-Malmin tori 1.<\/p>\n<h2>MAU<\/h2>\n<p>Daycare Korento, Suursuonlaita 6.<\/p>\n<h2>MELL<\/h2>\n<p>Mellunm\u00e4ki Primary School, Rukatunturintie 14.<\/p>\n<h2>MUN 1<\/h2>\n<p>Munkkiniemi Coeducational School, Laajalahdentie 21, studio \u201cMonttu\u201d. Entrance from back yard.<\/p>\n<h2>PIT<\/h2>\n<p>Pit\u00e4j\u00e4nm\u00e4ki Primary School, Viinenkuja 6, building A.<\/p>\n<h2>PTH<\/h2>\n<p>Alexander Theatre, Puuty\u00f6huone, Bulevardi 27.<\/p>\n<h2>PYLK<\/h2>\n<p>Alexander Theatre, Pylkk\u00e4nen, Bulevardi 27.<\/p>\n<h2>ROI<\/h2>\n<p>Porolahden peruskoulu, Roihuvuorentie 2<\/p>\n<h2>SANS<\/h2>\n<p>See <a href=\"https:\/\/uusi.helsingintanssiopisto.fi\/en\/teaching\/studio-venues-and-dressing-rooms\/kauniainen\/\">Kauniainen<\/a><\/p>\n<h2>STA<\/h2>\n<p>Olympiastadion \u201cLiikuntasali 2\u201d, Paavo Nurmen tie 1. Dressing rooms: floor -1, studio: floor -2.<\/p>\n<h2>TIKK<\/h2>\n<p>Tikkurikuja 1 (Studio Shake).<\/p>\n<h2>VIIK<strong><br \/>\n<\/strong><\/h2>\n<p>Viikki Community House Kunto, Leskirouva Freytagin kuja 10.<\/p>\n<h2>VUO<strong><br \/>\n<\/strong><\/h2>\n<p>Nordsj\u00f6 l\u00e5gstadieskola, (Rastis), Ulapparaitti 6.<\/p>\n<blockquote>\n<p class=\"notice-text\">NB: Some classes can be organised in a substitute venue i.a. during school holidays and matriculation examinations as well as on eves of holy days. Teacher informs enrolled students about the substitute venues. You can inquire about them also at the Student Office.<\/p>\n<\/blockquote>\n","protected":false},"excerpt":{"rendered":"<p>Helsinki Please see exceptions in dance lesson locations on the Finnish page . ANNA Annantalo Dance studio, Annankatu 30. AUR 1 Day Care\/School Kanava, Aurinkotuulenkatu&#8230;<\/p>\n","protected":false},"author":1,"featured_media":0,"parent":3575143,"menu_order":0,"comment_status":"closed","ping_status":"closed","template":"page-templates\/sidebar.php","meta":{"footnotes":""},"class_list":["post-3575147","page","type-page","status-publish","hentry"],"yoast_head":"<!-- This site is optimized with the Yoast SEO plugin v27.4 - https:\/\/yoast.com\/product\/yoast-seo-wordpress\/ -->\n<title>Helsinki - Helsingin tanssiopisto<\/title>\n<meta name=\"robots\" content=\"index, follow, max-snippet:-1, max-image-preview:large, max-video-preview:-1\" \/>\n<link rel=\"canonical\" href=\"https:\/\/uusi.helsingintanssiopisto.fi\/en\/teaching\/studio-venues-and-dressing-rooms\/helsinki\/\" \/>\n<meta property=\"og:locale\" content=\"en_US\" \/>\n<meta property=\"og:type\" content=\"article\" \/>\n<meta property=\"og:title\" content=\"Helsinki - Helsingin tanssiopisto\" \/>\n<meta property=\"og:description\" content=\"Helsinki Please see exceptions in dance lesson locations on the Finnish page . ANNA Annantalo Dance studio, Annankatu 30. AUR 1 Day Care\/School Kanava, Aurinkotuulenkatu...\" \/>\n<meta property=\"og:url\" content=\"https:\/\/uusi.helsingintanssiopisto.fi\/en\/teaching\/studio-venues-and-dressing-rooms\/helsinki\/\" \/>\n<meta property=\"og:site_name\" content=\"Helsingin tanssiopisto\" \/>\n<meta property=\"article:publisher\" content=\"https:\/\/fi-fi.facebook.com\/helsingintanssiopisto\" \/>\n<meta property=\"article:modified_time\" content=\"2026-02-12T11:26:39+00:00\" \/>\n<meta name=\"twitter:card\" content=\"summary_large_image\" \/>\n<meta name=\"twitter:label1\" content=\"Est. reading time\" \/>\n\t<meta name=\"twitter:data1\" content=\"3 minutes\" \/>\n<script type=\"application\/ld+json\" class=\"yoast-schema-graph\">{\"@context\":\"https:\\\/\\\/schema.org\",\"@graph\":[{\"@type\":\"WebPage\",\"@id\":\"https:\\\/\\\/uusi.helsingintanssiopisto.fi\\\/en\\\/teaching\\\/studio-venues-and-dressing-rooms\\\/helsinki\\\/\",\"url\":\"https:\\\/\\\/uusi.helsingintanssiopisto.fi\\\/en\\\/teaching\\\/studio-venues-and-dressing-rooms\\\/helsinki\\\/\",\"name\":\"Helsinki - Helsingin tanssiopisto\",\"isPartOf\":{\"@id\":\"https:\\\/\\\/uusi.helsingintanssiopisto.fi\\\/en\\\/#website\"},\"datePublished\":\"2026-01-21T08:02:59+00:00\",\"dateModified\":\"2026-02-12T11:26:39+00:00\",\"breadcrumb\":{\"@id\":\"https:\\\/\\\/uusi.helsingintanssiopisto.fi\\\/en\\\/teaching\\\/studio-venues-and-dressing-rooms\\\/helsinki\\\/#breadcrumb\"},\"inLanguage\":\"en-US\",\"potentialAction\":[{\"@type\":\"ReadAction\",\"target\":[\"https:\\\/\\\/uusi.helsingintanssiopisto.fi\\\/en\\\/teaching\\\/studio-venues-and-dressing-rooms\\\/helsinki\\\/\"]}]},{\"@type\":\"BreadcrumbList\",\"@id\":\"https:\\\/\\\/uusi.helsingintanssiopisto.fi\\\/en\\\/teaching\\\/studio-venues-and-dressing-rooms\\\/helsinki\\\/#breadcrumb\",\"itemListElement\":[{\"@type\":\"ListItem\",\"position\":1,\"name\":\"Home\",\"item\":\"https:\\\/\\\/uusi.helsingintanssiopisto.fi\\\/en\\\/\"},{\"@type\":\"ListItem\",\"position\":2,\"name\":\"Teaching\",\"item\":\"https:\\\/\\\/uusi.helsingintanssiopisto.fi\\\/en\\\/teaching\\\/\"},{\"@type\":\"ListItem\",\"position\":3,\"name\":\"Studio venues and dressing rooms\",\"item\":\"https:\\\/\\\/uusi.helsingintanssiopisto.fi\\\/en\\\/teaching\\\/studio-venues-and-dressing-rooms\\\/\"},{\"@type\":\"ListItem\",\"position\":4,\"name\":\"Helsinki\"}]},{\"@type\":\"WebSite\",\"@id\":\"https:\\\/\\\/uusi.helsingintanssiopisto.fi\\\/en\\\/#website\",\"url\":\"https:\\\/\\\/uusi.helsingintanssiopisto.fi\\\/en\\\/\",\"name\":\"Helsingin tanssiopisto\",\"description\":\"Suomen laajin ja monipuolisin tanssikoulu\",\"publisher\":{\"@id\":\"https:\\\/\\\/uusi.helsingintanssiopisto.fi\\\/en\\\/#organization\"},\"potentialAction\":[{\"@type\":\"SearchAction\",\"target\":{\"@type\":\"EntryPoint\",\"urlTemplate\":\"https:\\\/\\\/uusi.helsingintanssiopisto.fi\\\/en\\\/?s={search_term_string}\"},\"query-input\":{\"@type\":\"PropertyValueSpecification\",\"valueRequired\":true,\"valueName\":\"search_term_string\"}}],\"inLanguage\":\"en-US\"},{\"@type\":\"Organization\",\"@id\":\"https:\\\/\\\/uusi.helsingintanssiopisto.fi\\\/en\\\/#organization\",\"name\":\"Helsingin tanssopisto\",\"url\":\"https:\\\/\\\/uusi.helsingintanssiopisto.fi\\\/en\\\/\",\"logo\":{\"@type\":\"ImageObject\",\"inLanguage\":\"en-US\",\"@id\":\"https:\\\/\\\/uusi.helsingintanssiopisto.fi\\\/en\\\/#\\\/schema\\\/logo\\\/image\\\/\",\"url\":\"https:\\\/\\\/uusi.helsingintanssiopisto.fi\\\/wpc\\\/uploads\\\/2026\\\/01\\\/logo-hto@2x.png\",\"contentUrl\":\"https:\\\/\\\/uusi.helsingintanssiopisto.fi\\\/wpc\\\/uploads\\\/2026\\\/01\\\/logo-hto@2x.png\",\"width\":400,\"height\":386,\"caption\":\"Helsingin tanssopisto\"},\"image\":{\"@id\":\"https:\\\/\\\/uusi.helsingintanssiopisto.fi\\\/en\\\/#\\\/schema\\\/logo\\\/image\\\/\"},\"sameAs\":[\"https:\\\/\\\/fi-fi.facebook.com\\\/helsingintanssiopisto\",\"https:\\\/\\\/www.instagram.com\\\/helsingintanssiopisto\\\/\"]}]}<\/script>\n<!-- \/ Yoast SEO plugin. -->","yoast_head_json":{"title":"Helsinki - Helsingin tanssiopisto","robots":{"index":"index","follow":"follow","max-snippet":"max-snippet:-1","max-image-preview":"max-image-preview:large","max-video-preview":"max-video-preview:-1"},"canonical":"https:\/\/uusi.helsingintanssiopisto.fi\/en\/teaching\/studio-venues-and-dressing-rooms\/helsinki\/","og_locale":"en_US","og_type":"article","og_title":"Helsinki - Helsingin tanssiopisto","og_description":"Helsinki Please see exceptions in dance lesson locations on the Finnish page . ANNA Annantalo Dance studio, Annankatu 30. AUR 1 Day Care\/School Kanava, Aurinkotuulenkatu...","og_url":"https:\/\/uusi.helsingintanssiopisto.fi\/en\/teaching\/studio-venues-and-dressing-rooms\/helsinki\/","og_site_name":"Helsingin tanssiopisto","article_publisher":"https:\/\/fi-fi.facebook.com\/helsingintanssiopisto","article_modified_time":"2026-02-12T11:26:39+00:00","twitter_card":"summary_large_image","twitter_misc":{"Est. reading time":"3 minutes"},"schema":{"@context":"https:\/\/schema.org","@graph":[{"@type":"WebPage","@id":"https:\/\/uusi.helsingintanssiopisto.fi\/en\/teaching\/studio-venues-and-dressing-rooms\/helsinki\/","url":"https:\/\/uusi.helsingintanssiopisto.fi\/en\/teaching\/studio-venues-and-dressing-rooms\/helsinki\/","name":"Helsinki - Helsingin tanssiopisto","isPartOf":{"@id":"https:\/\/uusi.helsingintanssiopisto.fi\/en\/#website"},"datePublished":"2026-01-21T08:02:59+00:00","dateModified":"2026-02-12T11:26:39+00:00","breadcrumb":{"@id":"https:\/\/uusi.helsingintanssiopisto.fi\/en\/teaching\/studio-venues-and-dressing-rooms\/helsinki\/#breadcrumb"},"inLanguage":"en-US","potentialAction":[{"@type":"ReadAction","target":["https:\/\/uusi.helsingintanssiopisto.fi\/en\/teaching\/studio-venues-and-dressing-rooms\/helsinki\/"]}]},{"@type":"BreadcrumbList","@id":"https:\/\/uusi.helsingintanssiopisto.fi\/en\/teaching\/studio-venues-and-dressing-rooms\/helsinki\/#breadcrumb","itemListElement":[{"@type":"ListItem","position":1,"name":"Home","item":"https:\/\/uusi.helsingintanssiopisto.fi\/en\/"},{"@type":"ListItem","position":2,"name":"Teaching","item":"https:\/\/uusi.helsingintanssiopisto.fi\/en\/teaching\/"},{"@type":"ListItem","position":3,"name":"Studio venues and dressing rooms","item":"https:\/\/uusi.helsingintanssiopisto.fi\/en\/teaching\/studio-venues-and-dressing-rooms\/"},{"@type":"ListItem","position":4,"name":"Helsinki"}]},{"@type":"WebSite","@id":"https:\/\/uusi.helsingintanssiopisto.fi\/en\/#website","url":"https:\/\/uusi.helsingintanssiopisto.fi\/en\/","name":"Helsingin tanssiopisto","description":"Suomen laajin ja monipuolisin tanssikoulu","publisher":{"@id":"https:\/\/uusi.helsingintanssiopisto.fi\/en\/#organization"},"potentialAction":[{"@type":"SearchAction","target":{"@type":"EntryPoint","urlTemplate":"https:\/\/uusi.helsingintanssiopisto.fi\/en\/?s={search_term_string}"},"query-input":{"@type":"PropertyValueSpecification","valueRequired":true,"valueName":"search_term_string"}}],"inLanguage":"en-US"},{"@type":"Organization","@id":"https:\/\/uusi.helsingintanssiopisto.fi\/en\/#organization","name":"Helsingin tanssopisto","url":"https:\/\/uusi.helsingintanssiopisto.fi\/en\/","logo":{"@type":"ImageObject","inLanguage":"en-US","@id":"https:\/\/uusi.helsingintanssiopisto.fi\/en\/#\/schema\/logo\/image\/","url":"https:\/\/uusi.helsingintanssiopisto.fi\/wpc\/uploads\/2026\/01\/logo-hto@2x.png","contentUrl":"https:\/\/uusi.helsingintanssiopisto.fi\/wpc\/uploads\/2026\/01\/logo-hto@2x.png","width":400,"height":386,"caption":"Helsingin tanssopisto"},"image":{"@id":"https:\/\/uusi.helsingintanssiopisto.fi\/en\/#\/schema\/logo\/image\/"},"sameAs":["https:\/\/fi-fi.facebook.com\/helsingintanssiopisto","https:\/\/www.instagram.com\/helsingintanssiopisto\/"]}]}},"_links":{"self":[{"href":"https:\/\/uusi.helsingintanssiopisto.fi\/en\/wp-json\/wp\/v2\/pages\/3575147","targetHints":{"allow":["GET"]}}],"collection":[{"href":"https:\/\/uusi.helsingintanssiopisto.fi\/en\/wp-json\/wp\/v2\/pages"}],"about":[{"href":"https:\/\/uusi.helsingintanssiopisto.fi\/en\/wp-json\/wp\/v2\/types\/page"}],"author":[{"embeddable":true,"href":"https:\/\/uusi.helsingintanssiopisto.fi\/en\/wp-json\/wp\/v2\/users\/1"}],"replies":[{"embeddable":true,"href":"https:\/\/uusi.helsingintanssiopisto.fi\/en\/wp-json\/wp\/v2\/comments?post=3575147"}],"version-history":[{"count":0,"href":"https:\/\/uusi.helsingintanssiopisto.fi\/en\/wp-json\/wp\/v2\/pages\/3575147\/revisions"}],"up":[{"embeddable":true,"href":"https:\/\/uusi.helsingintanssiopisto.fi\/en\/wp-json\/wp\/v2\/pages\/3575143"}],"wp:attachment":[{"href":"https:\/\/uusi.helsingintanssiopisto.fi\/en\/wp-json\/wp\/v2\/media?parent=3575147"}],"curies":[{"name":"wp","href":"https:\/\/api.w.org\/{rel}","templated":true}]}}